{"id":7,"date":"2016-08-23T10:32:54","date_gmt":"2016-08-23T10:32:54","guid":{"rendered":"http:\/\/asianitbd.com\/wp\/havana\/?page_id=7"},"modified":"2021-12-20T11:43:47","modified_gmt":"2021-12-20T10:43:47","slug":"homepage-one","status":"publish","type":"page","link":"https:\/\/arteroreformas.com\/","title":{"rendered":"P\u00e1gina principal"},"content":{"rendered":"<p>[vc_row container=\u00bb1&#8243; el_class=\u00bbmain-slider\u00bb][vc_column]\n\t\t\t<!-- START Principal REVOLUTION SLIDER 6.5.9 --><p class=\"rs-p-wp-fix\"><\/p>\n\t\t\t<rs-module-wrap id=\"rev_slider_1_1_wrapper\" data-source=\"gallery\" style=\"visibility:hidden;background:transparent;padding:0;margin:0px auto;margin-top:0;margin-bottom:0;\">\n\t\t\t\t<rs-module id=\"rev_slider_1_1\" style=\"\" data-version=\"6.5.9\">\n\t\t\t\t\t<rs-slides>\n\t\t\t\t\t\t<rs-slide style=\"position: absolute;\" data-key=\"rs-3\" data-title=\"Slide\" data-in=\"o:0;\" data-out=\"a:false;\">\n\t\t\t\t\t\t\t<img src=\"\/\/arteroreformas.com\/wp-content\/plugins\/revslider\/public\/assets\/assets\/dummy.png\" title=\"home2\" width=\"2000\" height=\"1125\" class=\"rev-slidebg tp-rs-img rs-lazyload\" data-lazyload=\"\/\/arteroreformas.com\/wp-content\/uploads\/2021\/11\/home2.jpg\" data-no-retina>\n<!--\n\t\t\t\t\t\t\t--><rs-layer\n\t\t\t\t\t\t\t\tid=\"slider-1-slide-3-layer-4\" \n\t\t\t\t\t\t\t\tdata-type=\"text\"\n\t\t\t\t\t\t\t\tdata-color=\"rgba(255,255,255,1)\"\n\t\t\t\t\t\t\t\tdata-rsp_ch=\"on\"\n\t\t\t\t\t\t\t\tdata-xy=\"x:c;y:m;yo:-61px;\"\n\t\t\t\t\t\t\t\tdata-text=\"w:nowrap,nowrap,nowrap,normal;l:43,43,43,22;a:left,left,left,center;\"\n\t\t\t\t\t\t\t\tdata-frame_0=\"y:100%;\"\n\t\t\t\t\t\t\t\tdata-frame_1=\"e:power4.inOut;st:500;sp:2000;\"\n\t\t\t\t\t\t\t\tdata-frame_999=\"o:0;e:nothing;st:w;\"\n\t\t\t\t\t\t\t\tstyle=\"z-index:9;font-family:'Roboto';\"\n\t\t\t\t\t\t\t><p style=\"font-size: 40px; line-height: 97px !important;\"><br \/>\nReformas<br \/>integrales<\/p> \n\t\t\t\t\t\t\t<\/rs-layer><!--\n\n\t\t\t\t\t\t\t--><rs-layer\n\t\t\t\t\t\t\t\tid=\"slider-1-slide-3-layer-7\" \n\t\t\t\t\t\t\t\tdata-type=\"text\"\n\t\t\t\t\t\t\t\tdata-color=\"rgba(255,255,255,1)\"\n\t\t\t\t\t\t\t\tdata-rsp_ch=\"on\"\n\t\t\t\t\t\t\t\tdata-xy=\"x:c;y:m;yo:80px;\"\n\t\t\t\t\t\t\t\tdata-text=\"l:22;\"\n\t\t\t\t\t\t\t\tdata-frame_1=\"e:power2.inOut;st:500;\"\n\t\t\t\t\t\t\t\tdata-frame_999=\"o:0;e:nothing;st:w;\"\n\t\t\t\t\t\t\t\tstyle=\"z-index:8;font-family:'Roboto';\"\n\t\t\t\t\t\t\t><div class=\"text text-center\">Hacemos realidad tus proyectos<\/div> \n\t\t\t\t\t\t\t<\/rs-layer><!--\n-->\t\t\t\t\t\t<\/rs-slide>\n\t\t\t\t\t<\/rs-slides>\n\t\t\t\t<\/rs-module>\n\t\t\t\t<script type=\"text\/javascript\">\n\t\t\t\t\tsetREVStartSize({c: 'rev_slider_1_1',rl:[1240,1240,1240,480],el:[950,950,950,720],gw:[1200,1200,1200,480],gh:[950,950,950,720],type:'standard',justify:'',layout:'fullwidth',mh:\"0\"});if (window.RS_MODULES!==undefined && window.RS_MODULES.modules!==undefined && window.RS_MODULES.modules[\"revslider11\"]!==undefined) {window.RS_MODULES.modules[\"revslider11\"].once = false;window.revapi1 = undefined;if (window.RS_MODULES.checkMinimal!==undefined) window.RS_MODULES.checkMinimal()}\n\t\t\t\t<\/script>\n\t\t\t<\/rs-module-wrap>\n\t\t\t<!-- END REVOLUTION SLIDER -->\n[\/vc_column][\/vc_row][vc_row el_id=\u00bbservicios\u00bb][vc_column]\r\n<!--Services Section-->\r\n<section class=\"services-style-one \">\r\n    <div class=\"auto-container\">\r\n        <div class=\"row clearfix\">\r\n            \r\n            <!--Image Column-->\r\n            <div class=\"image-column col-md-6 col-sm-12 col-xs-12\">\r\n                <div class=\"inner-box\">\r\n                    <figure class=\"image-box wow fadeInUp\" data-wow-delay=\"0ms\" data-wow-duration=\"1500ms\"><a href=\"https:\/\/arteroreformas.com\/wp-content\/uploads\/2021\/11\/herramientas.jpg\" class=\"lightbox-image\"><img src=\"https:\/\/arteroreformas.com\/wp-content\/uploads\/2021\/11\/herramientas.jpg\" alt=\"Image\"><\/a><\/figure>\r\n                <\/div>\r\n            <\/div>\r\n            \r\n            <!--Text Column-->\r\n            <div class=\"text-column col-md-6 col-sm-12 col-xs-12\">\r\n                <!--Section Title--->\r\n                <div class=\"sec-title\"><h2>Servicios<\/h2><\/div>\r\n                \r\n                <div class=\"text\">\r\n                    <p>Somos expertos en llevar la reforma desde el punto de partida hasta el \u00faltimo paso, trabajando conjuntamente, de manera ordenada, con el \u00fanico objetivo de que puedas disfrutar de tu nuevo espacio tan pronto como sea posible<\/p>\r\n                <\/div>\r\n                \r\n                <a href=\"#\" class=\"theme-btn btn-style-two lined-btn-right\">Pide presupuesto sin compromiso<\/a>\r\n            <\/div>\r\n        <\/div>\r\n    <\/div>\r\n<\/section>\r\n\r\n[\/vc_column][\/vc_row][vc_row][vc_column]   \r\n\r\n<!--Services Two-->\r\n<section class=\"services-two no-padd-top\">\r\n    <div class=\"auto-container\">\r\n        <div class=\"row clearfix\">\r\n                        <!--Default Service Block-->\r\n            <div class=\"default-service-block col-md-4 col-sm-6 col-xs-12\">\r\n                <div class=\"inner-box\">\r\n                    <div class=\"icon-box\"><span class=\"fa fa-umbrella\"><\/span><\/div>\r\n                    <h3>Fontaner\u00eda<\/h3>\r\n                    <div class=\"text\"><\/div>\r\n                    <a href=\"#\" class=\"more-link\">Read More <span class=\"icon flaticon-arrows-6\"><\/span><\/a>\r\n                <\/div>\r\n            <\/div>\r\n                        <!--Default Service Block-->\r\n            <div class=\"default-service-block col-md-4 col-sm-6 col-xs-12\">\r\n                <div class=\"inner-box\">\r\n                    <div class=\"icon-box\"><span class=\"fa fa-pencil\"><\/span><\/div>\r\n                    <h3>Carpinter\u00eda<\/h3>\r\n                    <div class=\"text\"><\/div>\r\n                    <a href=\"#\" class=\"more-link\">Read More <span class=\"icon flaticon-arrows-6\"><\/span><\/a>\r\n                <\/div>\r\n            <\/div>\r\n                        <!--Default Service Block-->\r\n            <div class=\"default-service-block col-md-4 col-sm-6 col-xs-12\">\r\n                <div class=\"inner-box\">\r\n                    <div class=\"icon-box\"><span class=\"fa fa-home\"><\/span><\/div>\r\n                    <h3>Alba\u00f1iler\u00eda<\/h3>\r\n                    <div class=\"text\"><\/div>\r\n                    <a href=\"\" class=\"more-link\">Read More <span class=\"icon flaticon-arrows-6\"><\/span><\/a>\r\n                <\/div>\r\n            <\/div>\r\n                    <\/div>\r\n    <\/div>\r\n<\/section>\r\n\r\n[\/vc_column][\/vc_row][vc_row el_id=\u00bbsobre-nosotros\u00bb][vc_column]\r\n<!--About Section-->\r\n<section class=\"about-section\">\r\n    <div class=\"auto-container\">\r\n        <div class=\"row clearfix\">\r\n            \r\n            <!--Text Column-->\r\n            <div class=\"text-column col-md-6 col-sm-12 col-xs-12\">\r\n                <!--Section Title--->\r\n                <div class=\"sec-title wow fadeInDown\" data-wow-delay=\"0ms\" data-wow-duration=\"1500ms\"><h2>Sobre nosotros<\/h2><\/div>\r\n                \r\n                <div class=\"text\">\r\n                    <p>Artero reformas es una empresa que nace de la necesidad de renovar espacios, actualizarlos y darles personalidad. Trabajando en cada una de las partes que compone una reforma: alba\u00f1iler\u00eda, fontaner\u00eda, electricista, carpinter\u00eda, etc.<\/p>\n<p>Te asesoramos en todo momento para que no tengas dudas en tu proyecto.<\/p>\r\n                    <p><\/p>\r\n                <\/div>\r\n                \r\n                <a href=\"#\" class=\"theme-btn btn-style-two lined-btn-right\">Ver m\u00e1s<\/a>\r\n            <\/div>\r\n            \r\n            \r\n            <!--Image Column-->\r\n            <div class=\"image-column col-md-6 col-sm-12 col-xs-12\">\r\n                <div class=\"inner-box wow fadeInRight\" data-wow-delay=\"0ms\" data-wow-duration=\"1500ms\">\r\n                    <div class=\"hanged-text\"><h5><\/h5><\/div>\r\n                    <figure class=\"image-box\"><a href=\"https:\/\/arteroreformas.com\/wp-content\/uploads\/2021\/11\/beautiful-interior-shot-of-modern-house-with-white-relaxing-walls-and-furniture-and-technology-2-scaled.jpg\" class=\"lightbox-image\"><img src=\"https:\/\/arteroreformas.com\/wp-content\/uploads\/2021\/11\/beautiful-interior-shot-of-modern-house-with-white-relaxing-walls-and-furniture-and-technology-2-scaled.jpg\" alt=\"Image\"><\/a><\/figure>\r\n                <\/div>\r\n            <\/div>\r\n        \r\n        <\/div>\r\n    <\/div>\r\n<\/section>\r\n\r\n[\/vc_column][\/vc_row][vc_row el_id=\u00bbproyectos\u00bb][vc_column]\r\n<!--Fluid Section One-->\r\n<section class=\"fluid-section-one\">\r\n    <div class=\"outer-box clearfix\">\r\n        \r\n        <!--Text Column-->\r\n        <div class=\"text-column clearfix\">\r\n            <div class=\"inner-box wow fadeInLeft\" data-wow-delay=\"0ms\" data-wow-duration=\"1500ms\">\r\n                <!--Section Title--->\r\n                <div class=\"sec-title\"><h2>Proyectos<\/h2><\/div>\r\n                \r\n                <div class=\"text\">\r\n                    <p>Nuestra prioridad es el cliente<\/p>\r\n                <\/div>\r\n                \r\n                <a href=\"#\" class=\"theme-btn btn-style-three lined-btn-right\">Contacta con nosotros<\/a>\r\n            <\/div>\r\n        <\/div>\r\n        \r\n        <!--Image Column-->\r\n        <div class=\"image-column\" style=\"background-image:url('https:\/\/arteroreformas.com\/wp-content\/uploads\/2021\/11\/home1.jpg');\"><\/div>\r\n        <!--Rotated Layer-->\r\n        \r\n        <div class=\"rotated-layer-one\"><\/div>\r\n    <\/div>\r\n<\/section>\r\n\r\n[\/vc_column][\/vc_row][vc_row][vc_column][vc_gallery interval=\u00bb3&#8243; images=\u00bb491,494,496,493,492,495,507,508,509,506,499,500,501,502,503,504,505,511&#8243; img_size=\u00bblarge\u00bb onclick=\u00bb\u00bb][\/vc_column][\/vc_row]<\/p>\n","protected":false},"excerpt":{"rendered":"<p>[vc_row container=\u00bb1&#8243; el_class=\u00bbmain-slider\u00bb][vc_column][\/vc_column][\/vc_row][vc_row el_id=\u00bbservicios\u00bb][vc_column][\/vc_column][\/vc_row][vc_row][vc_column][\/vc_column][\/vc_row][vc_row el_id=\u00bbsobre-nosotros\u00bb][vc_column][\/vc_column][\/vc_row][vc_row el_id=\u00bbproyectos\u00bb][vc_column][\/vc_column][\/vc_row][vc_row][vc_column][vc_gallery interval=\u00bb3&#8243; images=\u00bb491,494,496,493,492,495,507,508,509,506,499,500,501,502,503,504,505,511&#8243; img_size=\u00bblarge\u00bb onclick=\u00bb\u00bb][\/vc_column][\/vc_row]<\/p>\n","protected":false},"author":2,"featured_media":0,"parent":0,"menu_order":0,"comment_status":"closed","ping_status":"closed","template":"tpl-visual_composer.php","meta":[],"_links":{"self":[{"href":"https:\/\/arteroreformas.com\/index.php\/wp-json\/wp\/v2\/pages\/7"}],"collection":[{"href":"https:\/\/arteroreformas.com\/index.php\/wp-json\/wp\/v2\/pages"}],"about":[{"href":"https:\/\/arteroreformas.com\/index.php\/wp-json\/wp\/v2\/types\/page"}],"author":[{"embeddable":true,"href":"https:\/\/arteroreformas.com\/index.php\/wp-json\/wp\/v2\/users\/2"}],"replies":[{"embeddable":true,"href":"https:\/\/arteroreformas.com\/index.php\/wp-json\/wp\/v2\/comments?post=7"}],"version-history":[{"count":18,"href":"https:\/\/arteroreformas.com\/index.php\/wp-json\/wp\/v2\/pages\/7\/revisions"}],"predecessor-version":[{"id":497,"href":"https:\/\/arteroreformas.com\/index.php\/wp-json\/wp\/v2\/pages\/7\/revisions\/497"}],"wp:attachment":[{"href":"https:\/\/arteroreformas.com\/index.php\/wp-json\/wp\/v2\/media?parent=7"}],"curies":[{"name":"wp","href":"https:\/\/api.w.org\/{rel}","templated":true}]}}